{"id":195,"date":"2015-05-03T23:25:02","date_gmt":"2015-05-03T21:25:02","guid":{"rendered":"http:\/\/www.residenceelvira.it\/?page_id=195"},"modified":"2023-02-09T17:45:46","modified_gmt":"2023-02-09T16:45:46","slug":"apartaments","status":"publish","type":"page","link":"https:\/\/www.residenceelvira.it\/fr\/apartaments\/","title":{"rendered":"Apartaments"},"content":{"rendered":"<h1 class=\"titolo-pagina\">Apartaments<\/h1>\n<p>Les appartements confortables et \u00e9quip\u00e9es de:<\/p>\n<ul>\n<li>Studio kitchenette plat, salle de bain, 1 chambre \/ salle de s\u00e9jour.<\/li>\n<li>Appartements comprenant cuisine \/ salle de s\u00e9jour avec canap\u00e9-lit, salle de bain, 1 chambre \u00e0 coucher s\u00e9par\u00e9e, balcon avec vue sur la mer.<\/li>\n<li>Trois appartements de chambre compos\u00e9 d&rsquo;une cuisine \/ salle de s\u00e9jour, salle de bain, 2 chambres s\u00e9par\u00e9es, balcon avec vue sur la mer.<\/li>\n<\/ul>\n<p>Appartements neufs et \u00e9l\u00e9gamment meubl\u00e9es, avec t\u00e9l\u00e9phone, TV \/ SAT, coffre-fort, s\u00e8che-cheveux, air conditionn\u00e9, une cuisine avec appareils m\u00e9nagers, vaisselle et la lessive et des salles de bain, chang\u00e9 chaque semaine et le nettoyage final.<\/p>\n","protected":false},"excerpt":{"rendered":"<p>Apartaments Les appartements confortables et \u00e9quip\u00e9es de: Studio kitchenette plat, salle de bain, 1 chambre \/ salle de s\u00e9jour. Appartements comprenant cuisine \/ salle de s\u00e9jour avec canap\u00e9-lit, salle de bain, 1 chambre \u00e0 coucher s\u00e9par\u00e9e, balcon avec vue sur la mer. Trois appartements de chambre compos\u00e9 d&rsquo;une cuisine \/ salle de s\u00e9jour, salle de&hellip;<\/p>\n","protected":false},"author":1,"featured_media":0,"parent":0,"menu_order":0,"comment_status":"closed","ping_status":"closed","template":"","meta":{"footnotes":""},"class_list":["post-195","page","type-page","status-publish","hentry","description-off"],"_links":{"self":[{"href":"https:\/\/www.residenceelvira.it\/fr\/wp-json\/wp\/v2\/pages\/195","targetHints":{"allow":["GET"]}}],"collection":[{"href":"https:\/\/www.residenceelvira.it\/fr\/wp-json\/wp\/v2\/pages"}],"about":[{"href":"https:\/\/www.residenceelvira.it\/fr\/wp-json\/wp\/v2\/types\/page"}],"author":[{"embeddable":true,"href":"https:\/\/www.residenceelvira.it\/fr\/wp-json\/wp\/v2\/users\/1"}],"replies":[{"embeddable":true,"href":"https:\/\/www.residenceelvira.it\/fr\/wp-json\/wp\/v2\/comments?post=195"}],"version-history":[{"count":2,"href":"https:\/\/www.residenceelvira.it\/fr\/wp-json\/wp\/v2\/pages\/195\/revisions"}],"predecessor-version":[{"id":693,"href":"https:\/\/www.residenceelvira.it\/fr\/wp-json\/wp\/v2\/pages\/195\/revisions\/693"}],"wp:attachment":[{"href":"https:\/\/www.residenceelvira.it\/fr\/wp-json\/wp\/v2\/media?parent=195"}],"curies":[{"name":"wp","href":"https:\/\/api.w.org\/{rel}","templated":true}]}}